{"id":753,"date":"2020-03-04T20:49:17","date_gmt":"2020-03-04T19:49:17","guid":{"rendered":"https:\/\/www.eraz.eu\/professional-profile\/"},"modified":"2025-10-25T18:32:07","modified_gmt":"2025-10-25T16:32:07","slug":"berufsbild","status":"publish","type":"page","link":"https:\/\/www.eraz.eu\/de\/berufsbild\/","title":{"rendered":"Berufsbild"},"content":{"rendered":"<div id='full_slider_1'  class='avia-fullwidth-slider main_color avia-shadow  av-mini-hide  avia-builder-el-0  el_before_av_slideshow_full  avia-builder-el-first   container_wrap fullsize' style=' '  ><div   data-size='featured'  data-lightbox_size='large'  data-animation='slide'  data-conditional_play=''  data-ids='157'  data-video_counter='0'  data-autoplay='false'  data-bg_slider='false'  data-slide_height=''  data-handle='av_slideshow_full'  data-interval='5'  data-class=' '  data-el_id=''  data-css_id=''  data-scroll_down=''  data-control_layout='av-control-hidden'  data-custom_markup=''  data-perma_caption=''  data-autoplay_stopper=''  data-image_attachment=''  data-min_height='0px'  data-src=''  data-position='top left'  data-repeat='no-repeat'  data-attach='scroll'  data-stretch=''  data-default-height='28.666666666667'  class='avia-slideshow avia-slideshow-1  av-control-hidden av-default-height-applied avia-slideshow-featured av_slideshow_full   avia-slide-slider '  itemprop=\"image\" itemscope=\"itemscope\" itemtype=\"https:\/\/schema.org\/ImageObject\" ><ul class='avia-slideshow-inner ' style='padding-bottom: 18%;' ><li  class=' av-single-slide slide-1 ' ><div data-rel='slideshow-1' class='avia-slide-wrap '   ><div class = \"caption_fullwidth av-slideshow-caption caption_right\"><div class = \"container caption_container\"><div class = \"slideshow_caption\"><div class = \"slideshow_inner_caption\"><div class = \"slideshow_align_caption\"><h1  style='font-size:40px; color:#ffffff; ' class='avia-caption-title  '  itemprop=\"name\" >Elisabeth RAZESBERGER<\/h1><\/div><\/div><\/div><\/div><\/div><img src='https:\/\/www.eraz.eu\/wp-content\/uploads\/2020\/03\/elisabeth-razesberger-berlaymont-270-1500x270.jpg' width='1500' height='270' title='elisabeth-razesberger-berlaymont-270' alt='Elisabeth Razesberger \u2013 Berufserfahrung'  itemprop=\"thumbnailUrl\"   \/><div class='av-section-color-overlay' style='opacity: 0.5; '><\/div><\/div><\/li><\/ul><\/div><\/div>\n<div id='full_slider_2'  class='avia-fullwidth-slider main_color avia-shadow  av-desktop-hide av-medium-hide av-small-hide  avia-builder-el-1  el_after_av_slideshow_full  el_before_av_section   slider-not-first container_wrap fullsize' style=' '  ><div   data-size='featured'  data-lightbox_size='large'  data-animation='slide'  data-conditional_play=''  data-ids='157'  data-video_counter='0'  data-autoplay='false'  data-bg_slider='false'  data-slide_height=''  data-handle='av_slideshow_full'  data-interval='5'  data-class=' '  data-el_id=''  data-css_id=''  data-scroll_down=''  data-control_layout='av-control-hidden'  data-custom_markup=''  data-perma_caption=''  data-autoplay_stopper=''  data-image_attachment=''  data-min_height='0px'  data-src=''  data-position='top left'  data-repeat='no-repeat'  data-attach='scroll'  data-stretch=''  data-default-height='28.666666666667'  class='avia-slideshow avia-slideshow-2  av-control-hidden av-default-height-applied avia-slideshow-featured av_slideshow_full   avia-slide-slider '  itemprop=\"image\" itemscope=\"itemscope\" itemtype=\"https:\/\/schema.org\/ImageObject\" ><ul class='avia-slideshow-inner ' style='padding-bottom: 18%;' ><li  class=' av-single-slide slide-1 ' ><div data-rel='slideshow-2' class='avia-slide-wrap '   ><img src='https:\/\/www.eraz.eu\/wp-content\/uploads\/2020\/03\/elisabeth-razesberger-berlaymont-270-1500x270.jpg' width='1500' height='270' title='elisabeth-razesberger-berlaymont-270' alt='Elisabeth Razesberger \u2013 Berufserfahrung'  itemprop=\"thumbnailUrl\"   \/><div class='av-section-color-overlay' style='opacity: 0.5; '><\/div><\/div><\/li><\/ul><\/div><\/div>\n<div id='av_section_1'  class='avia-section footer_color avia-section-large avia-no-border-styling  avia-bg-style-parallax  avia-builder-el-2  el_after_av_slideshow_full  el_before_av_section   container_wrap fullsize' style='background-color: #ffffff;  '  ><div class='container' ><div class='template-page content  av-content-full alpha units'><div class='post-entry post-entry-type-page post-entry-753'><div class='entry-content-wrapper clearfix'>\n<div  style='padding-bottom:10px; ' class='av-special-heading av-special-heading-h1  blockquote modern-quote  avia-builder-el-3  el_before_av_one_full  avia-builder-el-first  '><h1 class='av-special-heading-tag  av-mini-font-size-overwrite av-mini-font-size-24'  itemprop=\"headline\"  >Um wirklich was zu erreichen, braucht es Sitzungen, in denen Menschen gemeinsam denken k\u00f6nnen<\/h1><div class='special-heading-border'><div class='special-heading-inner-border' ><\/div><\/div><\/div>\n<div class=\"flex_column av_one_full  flex_column_div av-zero-column-padding first  avia-builder-el-4  el_after_av_heading  avia-builder-el-last  \" style='border-radius:0px; '><p><div  style=' margin-top:30px; margin-bottom:30px;'  class='hr hr-custom hr-left hr-icon-no  av-mini-hide  avia-builder-el-5  el_before_av_textblock  avia-builder-el-first '><span class='hr-inner   inner-border-av-border-fat' style=' width:50px; border-color:rgba(131,75,94,0.53);' ><span class='hr-inner-style'><\/span><\/span><\/div><br \/>\n<section class=\"av_textblock_section \"  itemscope=\"itemscope\" itemtype=\"https:\/\/schema.org\/CreativeWork\" ><div class='avia_textblock pespace '   itemprop=\"text\" ><p>Wir sind alle Experten f\u00fcr unsere eigene Situation, sei es bei der Arbeit oder in unserem Privatleben. Die Informationen, die wir f\u00fcr die L\u00f6sung von Problemen oder eine bessere Zusammenarbeit ben\u00f6tigen, liegen bereits in unseren H\u00e4nden. Was vielen von uns fehlt, sind <strong>effektive Kommunikationsf\u00e4higkeiten und ein solides Verst\u00e4ndnis der Kommunikationsregeln.<\/strong><\/p>\n<p>Als professionelle Moderatorin gestalte ich Meetings, bei denen der Schwerpunkt auf dem Inhalt liegt und darauf, <strong>eine Situation in ihrer Gesamtheit zu betrachten<\/strong>. Meine Sitzungen schaffen R\u00e4ume, in denen Menschen jenseits gewohnter Hierarchien und Routinen miteinander reden k\u00f6nnen.<\/p>\n<p style=\"font-weight: 400;\">So wird die Grundlage f\u00fcr bessere Entscheidungen und nachhaltige Verbesserungen geschaffen.<\/p>\n<\/div><\/section><br \/>\n<div  style='height:30px' class='hr hr-invisible  av-mini-hide  avia-builder-el-7  el_after_av_textblock  el_before_av_textblock '><span class='hr-inner ' ><span class='hr-inner-style'><\/span><\/span><\/div><br \/>\n<section class=\"av_textblock_section \"  itemscope=\"itemscope\" itemtype=\"https:\/\/schema.org\/CreativeWork\" ><div class='avia_textblock pespace  av-mini-font-size-overwrite av-mini-font-size-16'   itemprop=\"text\" ><blockquote>\n<p>Von Br\u00fcssel und Wien aus bringe ich Menschen mit diversen Erfahrungen dazu, gemeinsam zu arbeiten und zu denken.<\/p>\n<p><em>\u00a0<\/em><\/p>\n<\/blockquote>\n<\/div><\/section><br \/>\n<div  style='height:30px' class='hr hr-invisible  av-mini-hide  avia-builder-el-9  el_after_av_textblock  el_before_av_textblock '><span class='hr-inner ' ><span class='hr-inner-style'><\/span><\/span><\/div><br \/>\n<section class=\"av_textblock_section \"  itemscope=\"itemscope\" itemtype=\"https:\/\/schema.org\/CreativeWork\" ><div class='avia_textblock pespace '   itemprop=\"text\" ><p>Seit 2020 arbeite ich mit mehreren <strong>internationalen Netzwerken von Online-Dialog-Praktikern<\/strong>.<\/p>\n<p>Seit 2019 bin ich Vorsitzende einer internationale Non-Profit-Organisation, die ich zu Fundraising-Strategien und Agenda-Setting berate.<\/p>\n<p>Ich habe ein gutes Verst\u00e4ndnis f\u00fcr die <strong>Arbeitsweise der Europ\u00e4ischen Institutionen<\/strong>. Nach meinem Studium am Europakolleg in Br\u00fcgge war ich viele Jahre lang als Referentin t\u00e4tig, wo ich f\u00fcr Anw\u00e4lte Recherchen f\u00fcr Mandanten durchf\u00fchrte oder ein europaweites Netzwerk von Referenten zu EU-Themen unterst\u00fctzte. Danach war ich als <strong>politische Beraterin f\u00fcr zwei Industrieverb\u00e4nde t\u00e4tig<\/strong>.<\/p>\n<p>Ein Master-Abschluss in Migrationsstudien f\u00fchrte 2012 zu einem Karrierewechsel. Danach arbeitete ich f\u00fcr den <strong>Jesuiten-Fl\u00fcchtlingsdienst Belgien<\/strong>, begleitete Migranten in Anhaltezentren und setzte mich f\u00fcr ihre Rechte ein. Au\u00dferdem koordinierte und implementierte ich den belgischen Teil eines von der <strong>EU finanzierten Projekts zur Gemeinschaftsbildung mit Fl\u00fcchtlingen<\/strong>.<\/p>\n<p>Ich spreche flie\u00dfend <strong>Englisch<\/strong>, <strong>Deutsch<\/strong> (Muttersprache) und <strong>Franz\u00f6sisch<\/strong>. Nach sieben Jahren Arbeit in einem zweisprachigen belgischen B\u00fcro verf\u00fcge ich \u00fcber sehr gute Kenntnisse der <strong>niederl\u00e4ndischen<\/strong> Sprache.<\/p>\n<\/div><\/section><\/p><\/div><\/div><\/div><\/div><!-- close content main div --><\/div><\/div><div id='av_section_2'  class='avia-section alternate_color avia-section-large avia-no-border-styling  avia-bg-style-parallax  avia-builder-el-11  el_after_av_section  avia-builder-el-last   container_wrap fullsize' style=' '  ><div class='container' ><div class='template-page content  av-content-full alpha units'><div class='post-entry post-entry-type-page post-entry-753'><div class='entry-content-wrapper clearfix'>\n<div class=\"flex_column av_one_full  flex_column_div av-zero-column-padding first  avia-builder-el-12  avia-builder-el-no-sibling  \" style='border-radius:0px; '><p><div  style=' margin-top:30px; margin-bottom:30px;'  class='hr hr-custom hr-left hr-icon-no  av-mini-hide  avia-builder-el-13  el_before_av_button  avia-builder-el-first '><span class='hr-inner   inner-border-av-border-fat' style=' width:50px; border-color:rgba(131,75,94,0.53);' ><span class='hr-inner-style'><\/span><\/span><\/div><br \/>\n<div  class='avia-button-wrap avia-button-left  avia-builder-el-14  el_after_av_hr  avia-builder-el-last ' ><a href='https:\/\/www.eraz.eu\/de#contact'  class='avia-button   avia-icon_select-no avia-color-theme-color avia-size-x-large avia-position-left '   ><span class='avia_iconbox_title' >Senden Sie mir eine Nachricht<\/span><\/a><\/div><\/p><\/div>\n<\/p>\n","protected":false},"excerpt":{"rendered":"<p>Elisabeth Razesberger is available for maternity cover, short-term contract or project oriented work \u2013 EU affairs Brussels<\/p>\n","protected":false},"author":1,"featured_media":1240,"parent":0,"menu_order":4,"comment_status":"closed","ping_status":"closed","template":"","meta":{"_monsterinsights_skip_tracking":false,"_monsterinsights_sitenote_active":false,"_monsterinsights_sitenote_note":"","_monsterinsights_sitenote_category":0,"footnotes":""},"class_list":["post-753","page","type-page","status-publish","has-post-thumbnail","hentry"],"yoast_head":"<!-- This site is optimized with the Yoast SEO plugin v27.5 - https:\/\/yoast.com\/product\/yoast-seo-wordpress\/ -->\n<title>Berufsbild &#8211; Elisabeth Razesberger<\/title>\n<meta name=\"description\" content=\"Seit dem Beginn der Pandemie habe ich ausschlie\u00dflich als Mitglied mehrerer internationaler Netzwerke von Online-Dialog-Praktikern gearbeitet.\" \/>\n<meta name=\"robots\" content=\"index, follow, max-snippet:-1, max-image-preview:large, max-video-preview:-1\" \/>\n<link rel=\"canonical\" href=\"https:\/\/www.eraz.eu\/de\/berufsbild\/\" \/>\n<meta property=\"og:locale\" content=\"de_DE\" \/>\n<meta property=\"og:type\" content=\"article\" \/>\n<meta property=\"og:title\" content=\"Elisabeth Razesberger\" \/>\n<meta property=\"og:description\" content=\"Elisabeth Razesberger is available for maternity cover, short-term contract or project oriented work \u2013 EU affairs Brussels\" \/>\n<meta property=\"og:url\" content=\"https:\/\/www.eraz.eu\/de\/berufsbild\/\" \/>\n<meta property=\"og:site_name\" content=\"Elisabeth Razesberger\" \/>\n<meta property=\"article:modified_time\" content=\"2025-10-25T16:32:07+00:00\" \/>\n<meta property=\"og:image\" content=\"https:\/\/www.eraz.eu\/wp-content\/uploads\/2020\/03\/elisabeth-razesberger-picture-1360.jpg\" \/>\n\t<meta property=\"og:image:width\" content=\"2048\" \/>\n\t<meta property=\"og:image:height\" content=\"1360\" \/>\n\t<meta property=\"og:image:type\" content=\"image\/jpeg\" \/>\n<script type=\"application\/ld+json\" class=\"yoast-schema-graph\">{\"@context\":\"https:\\\/\\\/schema.org\",\"@graph\":[{\"@type\":\"WebPage\",\"@id\":\"https:\\\/\\\/www.eraz.eu\\\/de\\\/berufsbild\\\/\",\"url\":\"https:\\\/\\\/www.eraz.eu\\\/de\\\/berufsbild\\\/\",\"name\":\"Berufsbild &#8211; Elisabeth Razesberger\",\"isPartOf\":{\"@id\":\"https:\\\/\\\/www.eraz.eu\\\/de\\\/#website\"},\"primaryImageOfPage\":{\"@id\":\"https:\\\/\\\/www.eraz.eu\\\/de\\\/berufsbild\\\/#primaryimage\"},\"image\":{\"@id\":\"https:\\\/\\\/www.eraz.eu\\\/de\\\/berufsbild\\\/#primaryimage\"},\"thumbnailUrl\":\"https:\\\/\\\/www.eraz.eu\\\/wp-content\\\/uploads\\\/2023\\\/09\\\/logo-eraz-Elisabeth-razesberger.jpg\",\"datePublished\":\"2020-03-04T19:49:17+00:00\",\"dateModified\":\"2025-10-25T16:32:07+00:00\",\"description\":\"Seit dem Beginn der Pandemie habe ich ausschlie\u00dflich als Mitglied mehrerer internationaler Netzwerke von Online-Dialog-Praktikern gearbeitet.\",\"breadcrumb\":{\"@id\":\"https:\\\/\\\/www.eraz.eu\\\/de\\\/berufsbild\\\/#breadcrumb\"},\"inLanguage\":\"de\",\"potentialAction\":[{\"@type\":\"ReadAction\",\"target\":[\"https:\\\/\\\/www.eraz.eu\\\/de\\\/berufsbild\\\/\"]}]},{\"@type\":\"ImageObject\",\"inLanguage\":\"de\",\"@id\":\"https:\\\/\\\/www.eraz.eu\\\/de\\\/berufsbild\\\/#primaryimage\",\"url\":\"https:\\\/\\\/www.eraz.eu\\\/wp-content\\\/uploads\\\/2023\\\/09\\\/logo-eraz-Elisabeth-razesberger.jpg\",\"contentUrl\":\"https:\\\/\\\/www.eraz.eu\\\/wp-content\\\/uploads\\\/2023\\\/09\\\/logo-eraz-Elisabeth-razesberger.jpg\",\"width\":1200,\"height\":675,\"caption\":\"Elisabeth Razesberger \u2013 Professioneller Dialog dialogkompetenz dialogische\"},{\"@type\":\"BreadcrumbList\",\"@id\":\"https:\\\/\\\/www.eraz.eu\\\/de\\\/berufsbild\\\/#breadcrumb\",\"itemListElement\":[{\"@type\":\"ListItem\",\"position\":1,\"name\":\"Home\",\"item\":\"https:\\\/\\\/www.eraz.eu\\\/de\\\/\"},{\"@type\":\"ListItem\",\"position\":2,\"name\":\"Berufsbild\"}]},{\"@type\":\"WebSite\",\"@id\":\"https:\\\/\\\/www.eraz.eu\\\/de\\\/#website\",\"url\":\"https:\\\/\\\/www.eraz.eu\\\/de\\\/\",\"name\":\"Elisabeth Razesberger\",\"description\":\"Professioneller Dialog\",\"publisher\":{\"@id\":\"https:\\\/\\\/www.eraz.eu\\\/de\\\/#\\\/schema\\\/person\\\/2c8a5eb1d8ad481449a2a16471751d9f\"},\"potentialAction\":[{\"@type\":\"SearchAction\",\"target\":{\"@type\":\"EntryPoint\",\"urlTemplate\":\"https:\\\/\\\/www.eraz.eu\\\/de\\\/?s={search_term_string}\"},\"query-input\":{\"@type\":\"PropertyValueSpecification\",\"valueRequired\":true,\"valueName\":\"search_term_string\"}}],\"inLanguage\":\"de\"},{\"@type\":[\"Person\",\"Organization\"],\"@id\":\"https:\\\/\\\/www.eraz.eu\\\/de\\\/#\\\/schema\\\/person\\\/2c8a5eb1d8ad481449a2a16471751d9f\",\"name\":\"Elisabeth\",\"image\":{\"@type\":\"ImageObject\",\"inLanguage\":\"de\",\"@id\":\"https:\\\/\\\/www.eraz.eu\\\/wp-content\\\/uploads\\\/2021\\\/04\\\/eraz-logo-big.png\",\"url\":\"https:\\\/\\\/www.eraz.eu\\\/wp-content\\\/uploads\\\/2021\\\/04\\\/eraz-logo-big.png\",\"contentUrl\":\"https:\\\/\\\/www.eraz.eu\\\/wp-content\\\/uploads\\\/2021\\\/04\\\/eraz-logo-big.png\",\"width\":281,\"height\":183,\"caption\":\"Elisabeth\"},\"logo\":{\"@id\":\"https:\\\/\\\/www.eraz.eu\\\/wp-content\\\/uploads\\\/2021\\\/04\\\/eraz-logo-big.png\"},\"sameAs\":[\"https:\\\/\\\/www.eraz.eu\",\"https:\\\/\\\/www.linkedin.com\\\/in\\\/elisabeth-razesberger-78309533\\\/\"]}]}<\/script>\n<!-- \/ Yoast SEO plugin. -->","yoast_head_json":{"title":"Berufsbild &#8211; Elisabeth Razesberger","description":"Seit dem Beginn der Pandemie habe ich ausschlie\u00dflich als Mitglied mehrerer internationaler Netzwerke von Online-Dialog-Praktikern gearbeitet.","robots":{"index":"index","follow":"follow","max-snippet":"max-snippet:-1","max-image-preview":"max-image-preview:large","max-video-preview":"max-video-preview:-1"},"canonical":"https:\/\/www.eraz.eu\/de\/berufsbild\/","og_locale":"de_DE","og_type":"article","og_title":"Elisabeth Razesberger","og_description":"Elisabeth Razesberger is available for maternity cover, short-term contract or project oriented work \u2013 EU affairs Brussels","og_url":"https:\/\/www.eraz.eu\/de\/berufsbild\/","og_site_name":"Elisabeth Razesberger","article_modified_time":"2025-10-25T16:32:07+00:00","og_image":[{"width":2048,"height":1360,"url":"https:\/\/www.eraz.eu\/wp-content\/uploads\/2020\/03\/elisabeth-razesberger-picture-1360.jpg","type":"image\/jpeg"}],"schema":{"@context":"https:\/\/schema.org","@graph":[{"@type":"WebPage","@id":"https:\/\/www.eraz.eu\/de\/berufsbild\/","url":"https:\/\/www.eraz.eu\/de\/berufsbild\/","name":"Berufsbild &#8211; Elisabeth Razesberger","isPartOf":{"@id":"https:\/\/www.eraz.eu\/de\/#website"},"primaryImageOfPage":{"@id":"https:\/\/www.eraz.eu\/de\/berufsbild\/#primaryimage"},"image":{"@id":"https:\/\/www.eraz.eu\/de\/berufsbild\/#primaryimage"},"thumbnailUrl":"https:\/\/www.eraz.eu\/wp-content\/uploads\/2023\/09\/logo-eraz-Elisabeth-razesberger.jpg","datePublished":"2020-03-04T19:49:17+00:00","dateModified":"2025-10-25T16:32:07+00:00","description":"Seit dem Beginn der Pandemie habe ich ausschlie\u00dflich als Mitglied mehrerer internationaler Netzwerke von Online-Dialog-Praktikern gearbeitet.","breadcrumb":{"@id":"https:\/\/www.eraz.eu\/de\/berufsbild\/#breadcrumb"},"inLanguage":"de","potentialAction":[{"@type":"ReadAction","target":["https:\/\/www.eraz.eu\/de\/berufsbild\/"]}]},{"@type":"ImageObject","inLanguage":"de","@id":"https:\/\/www.eraz.eu\/de\/berufsbild\/#primaryimage","url":"https:\/\/www.eraz.eu\/wp-content\/uploads\/2023\/09\/logo-eraz-Elisabeth-razesberger.jpg","contentUrl":"https:\/\/www.eraz.eu\/wp-content\/uploads\/2023\/09\/logo-eraz-Elisabeth-razesberger.jpg","width":1200,"height":675,"caption":"Elisabeth Razesberger \u2013 Professioneller Dialog dialogkompetenz dialogische"},{"@type":"BreadcrumbList","@id":"https:\/\/www.eraz.eu\/de\/berufsbild\/#breadcrumb","itemListElement":[{"@type":"ListItem","position":1,"name":"Home","item":"https:\/\/www.eraz.eu\/de\/"},{"@type":"ListItem","position":2,"name":"Berufsbild"}]},{"@type":"WebSite","@id":"https:\/\/www.eraz.eu\/de\/#website","url":"https:\/\/www.eraz.eu\/de\/","name":"Elisabeth Razesberger","description":"Professioneller Dialog","publisher":{"@id":"https:\/\/www.eraz.eu\/de\/#\/schema\/person\/2c8a5eb1d8ad481449a2a16471751d9f"},"potentialAction":[{"@type":"SearchAction","target":{"@type":"EntryPoint","urlTemplate":"https:\/\/www.eraz.eu\/de\/?s={search_term_string}"},"query-input":{"@type":"PropertyValueSpecification","valueRequired":true,"valueName":"search_term_string"}}],"inLanguage":"de"},{"@type":["Person","Organization"],"@id":"https:\/\/www.eraz.eu\/de\/#\/schema\/person\/2c8a5eb1d8ad481449a2a16471751d9f","name":"Elisabeth","image":{"@type":"ImageObject","inLanguage":"de","@id":"https:\/\/www.eraz.eu\/wp-content\/uploads\/2021\/04\/eraz-logo-big.png","url":"https:\/\/www.eraz.eu\/wp-content\/uploads\/2021\/04\/eraz-logo-big.png","contentUrl":"https:\/\/www.eraz.eu\/wp-content\/uploads\/2021\/04\/eraz-logo-big.png","width":281,"height":183,"caption":"Elisabeth"},"logo":{"@id":"https:\/\/www.eraz.eu\/wp-content\/uploads\/2021\/04\/eraz-logo-big.png"},"sameAs":["https:\/\/www.eraz.eu","https:\/\/www.linkedin.com\/in\/elisabeth-razesberger-78309533\/"]}]}},"_links":{"self":[{"href":"https:\/\/www.eraz.eu\/de\/wp-json\/wp\/v2\/pages\/753","targetHints":{"allow":["GET"]}}],"collection":[{"href":"https:\/\/www.eraz.eu\/de\/wp-json\/wp\/v2\/pages"}],"about":[{"href":"https:\/\/www.eraz.eu\/de\/wp-json\/wp\/v2\/types\/page"}],"author":[{"embeddable":true,"href":"https:\/\/www.eraz.eu\/de\/wp-json\/wp\/v2\/users\/1"}],"replies":[{"embeddable":true,"href":"https:\/\/www.eraz.eu\/de\/wp-json\/wp\/v2\/comments?post=753"}],"version-history":[{"count":5,"href":"https:\/\/www.eraz.eu\/de\/wp-json\/wp\/v2\/pages\/753\/revisions"}],"predecessor-version":[{"id":1688,"href":"https:\/\/www.eraz.eu\/de\/wp-json\/wp\/v2\/pages\/753\/revisions\/1688"}],"wp:featuredmedia":[{"embeddable":true,"href":"https:\/\/www.eraz.eu\/de\/wp-json\/wp\/v2\/media\/1240"}],"wp:attachment":[{"href":"https:\/\/www.eraz.eu\/de\/wp-json\/wp\/v2\/media?parent=753"}],"curies":[{"name":"wp","href":"https:\/\/api.w.org\/{rel}","templated":true}]}}