{"id":1506,"date":"2025-10-25T17:21:05","date_gmt":"2025-10-25T15:21:05","guid":{"rendered":"https:\/\/www.eraz.eu\/?page_id=1506"},"modified":"2025-10-28T18:41:58","modified_gmt":"2025-10-28T17:41:58","slug":"denkpartner-elisabeth-razesberger","status":"publish","type":"page","link":"https:\/\/www.eraz.eu\/de\/denkpartner-elisabeth-razesberger\/","title":{"rendered":"Denkpartner"},"content":{"rendered":"<div id='full_slider_1'  class='avia-fullwidth-slider main_color avia-shadow  av-mini-hide  avia-builder-el-0  el_before_av_slideshow_full  avia-builder-el-first   container_wrap fullsize' style=' '  ><div   data-size='featured'  data-lightbox_size='large'  data-animation='slide'  data-conditional_play=''  data-ids='1622'  data-video_counter='0'  data-autoplay='false'  data-bg_slider='false'  data-slide_height=''  data-handle='av_slideshow_full'  data-interval='5'  data-class=' '  data-el_id=''  data-css_id=''  data-scroll_down=''  data-control_layout='av-control-hidden'  data-custom_markup=''  data-perma_caption=''  data-autoplay_stopper=''  data-image_attachment=''  data-min_height='0px'  data-src=''  data-position='top left'  data-repeat='no-repeat'  data-attach='scroll'  data-stretch=''  data-default-height='28.666666666667'  class='avia-slideshow avia-slideshow-1  av-control-hidden av-default-height-applied avia-slideshow-featured av_slideshow_full   avia-slide-slider '  itemprop=\"image\" itemscope=\"itemscope\" itemtype=\"https:\/\/schema.org\/ImageObject\" ><ul class='avia-slideshow-inner ' style='padding-bottom: 28.666666666667%;' ><li  class=' av-single-slide slide-1 ' ><div data-rel='slideshow-1' class='avia-slide-wrap '   ><div class = \"caption_fullwidth av-slideshow-caption caption_right\"><div class = \"container caption_container\"><div class = \"slideshow_caption\"><div class = \"slideshow_inner_caption\"><div class = \"slideshow_align_caption\"><h1  style='font-size:40px; color:#ffffff; ' class='avia-caption-title  '  itemprop=\"name\" >Elisabeth RAZESBERGER<\/h1><\/div><\/div><\/div><\/div><\/div><img src='https:\/\/www.eraz.eu\/wp-content\/uploads\/2025\/10\/elisabeth-razesberger-2025-3-1-1500x430.webp' width='1500' height='430' title='elisabeth-razesberger-2025-3' alt='Elisabeth Razesberger \u2013 Professionellen Dialog'  itemprop=\"thumbnailUrl\"   \/><div class='av-section-color-overlay' style='opacity: 0.5; '><\/div><\/div><\/li><\/ul><\/div><\/div>\n<div id='full_slider_2'  class='avia-fullwidth-slider main_color avia-shadow  av-desktop-hide av-medium-hide av-small-hide  avia-builder-el-1  el_after_av_slideshow_full  el_before_av_section   slider-not-first container_wrap fullsize' style=' '  ><div   data-size='featured'  data-lightbox_size='large'  data-animation='slide'  data-conditional_play=''  data-ids='1622'  data-video_counter='0'  data-autoplay='false'  data-bg_slider='false'  data-slide_height=''  data-handle='av_slideshow_full'  data-interval='5'  data-class=' '  data-el_id=''  data-css_id=''  data-scroll_down=''  data-control_layout='av-control-hidden'  data-custom_markup=''  data-perma_caption=''  data-autoplay_stopper=''  data-image_attachment=''  data-min_height='0px'  data-src=''  data-position='top left'  data-repeat='no-repeat'  data-attach='scroll'  data-stretch=''  data-default-height='28.666666666667'  class='avia-slideshow avia-slideshow-2  av-control-hidden av-default-height-applied avia-slideshow-featured av_slideshow_full   avia-slide-slider '  itemprop=\"image\" itemscope=\"itemscope\" itemtype=\"https:\/\/schema.org\/ImageObject\" ><ul class='avia-slideshow-inner ' style='padding-bottom: 28.666666666667%;' ><li  class=' av-single-slide slide-1 ' ><div data-rel='slideshow-2' class='avia-slide-wrap '   ><img src='https:\/\/www.eraz.eu\/wp-content\/uploads\/2025\/10\/elisabeth-razesberger-2025-3-1-1500x430.webp' width='1500' height='430' title='elisabeth-razesberger-2025-3' alt='Elisabeth Razesberger \u2013 Professionellen Dialog'  itemprop=\"thumbnailUrl\"   \/><div class='av-section-color-overlay' style='opacity: 0.5; '><\/div><\/div><\/li><\/ul><\/div><\/div>\n<div id='av_section_1'  class='avia-section footer_color avia-section-large avia-no-border-styling  avia-bg-style-parallax  avia-builder-el-2  el_after_av_slideshow_full  el_before_av_section   container_wrap fullsize' style='background-color: #ffffff;  '  ><div class='container' ><div class='template-page content  av-content-full alpha units'><div class='post-entry post-entry-type-page post-entry-1506'><div class='entry-content-wrapper clearfix'>\n<div  style='padding-bottom:10px; ' class='av-special-heading av-special-heading-h1  blockquote modern-quote  avia-builder-el-3  el_before_av_one_full  avia-builder-el-first  '><h1 class='av-special-heading-tag  av-mini-font-size-overwrite av-mini-font-size-24'  itemprop=\"headline\"  >Denkpartner \u2013 eine Denkpause schaffen<\/h1><div class='special-heading-border'><div class='special-heading-inner-border' ><\/div><\/div><\/div>\n<div class=\"flex_column av_one_full  flex_column_div av-zero-column-padding first  avia-builder-el-4  el_after_av_heading  avia-builder-el-last  \" style='border-radius:0px; '><p><div  style=' margin-top:30px; margin-bottom:30px;'  class='hr hr-custom hr-left hr-icon-no  av-mini-hide  avia-builder-el-5  el_before_av_textblock  avia-builder-el-first '><span class='hr-inner   inner-border-av-border-fat' style=' width:50px; border-color:rgba(131,75,94,0.53);' ><span class='hr-inner-style'><\/span><\/span><\/div><br \/>\n<section class=\"av_textblock_section \"  itemscope=\"itemscope\" itemtype=\"https:\/\/schema.org\/CreativeWork\" ><div class='avia_textblock pespace '   itemprop=\"text\" ><p><img loading=\"lazy\" decoding=\"async\" class=\"size-full wp-image-403 alignright\" src=\"https:\/\/www.eraz.eu\/wp-content\/uploads\/2021\/04\/eraz-logo-big.png\" alt=\"Elisabeth Razesberger \u2013 Professional Dialogue\" width=\"281\" height=\"183\" \/><\/p>\n<p><strong>Denkpartner ist 1:1-Dialog<\/strong><\/p>\n<p>Als Ihr Denkpartner bringe ich die Praxis des Dialogs in die individuelle Begleitung ein. Im Gegensatz zum Gruppendialog erm\u00f6glicht dies mehr Freiheit und Offenheit, um individuelle Perspektiven und Erfahrungen tiefgreifend zu reflektieren.<\/p>\n<p>Meine Denkpartner-Praxis geht weit \u00fcber die etablierten und zertifizierten Modelle des Coachings und der Beratung hinaus, die haupts\u00e4chlich karriereorientiert sind.<\/p>\n<p>Mit meinem Denkpartner-Programm erwerben Sie eine Praxis der Gespr\u00e4chsf\u00fchrung, die Klarheit in Gespr\u00e4che bringt und die Qualit\u00e4t Ihrer Beziehungen zu anderen Menschen ver\u00e4ndert.<\/p>\n<p>Eine Denkpause bringt sofortige Ruhe. Sie schafft Raum f\u00fcr die Entwicklung von Selbstbewusstsein und Selbstf\u00fchrung, die Ihnen helfen, schwierige Gespr\u00e4che besser zu meistern, in Krisensituationen pr\u00e4sent zu sein und mit den allgegenw\u00e4rtigen Komplexit\u00e4ten unseres Lebens umzugehen.<\/p>\n<h2>Gruppendialog<\/h2>\n<p>Seit 2016 arbeite ich mit Gruppendialog in denen ich Menschen aus unterschiedlichsten Kulturen und Lebenswelten in Dialog bringe<\/p>\n<ul>\n<li><a href=\"https:\/\/www.eraz.eu\/de\/professionellerdialog\/\">Hier eine Auswahl meiner Praxis mit Gruppendialog<\/a><\/li>\n<\/ul>\n<h2>Qualifikationen und Ausbildung<\/h2>\n<ul>\n<li>Weisheitstraining Netzwerk Ethik heute: W\u00f6chentlicher Austausch mit Experten aus den Bereichen Philosophie, Psychologie, Naturwissenschaften und Buddhismus (September 2023 \u2013 Juni 2025)<\/li>\n<li>Interreligi\u00f6ser Dialog zur St\u00e4rkung von Frieden, Vers\u00f6hnung und Zusammenhalt, KAICIID Dialogue Center (May \u2013 June 2024)<\/li>\n<li>Professional Dialogue Practitioner, Akkreditierungskurs, Academy of Professional Dialogue (Februar 2022 \u2013 Juli 2022)<\/li>\n<li>Mitglied der Academy of Professional Dialogue (seit 2020)<\/li>\n<li>Narrative4 Story Telling Facilitator (Januar 2021)<\/li>\n<li>Erasmus+ Moderatorin f\u00fcr virtuellen Austausch (2020)<\/li>\n<\/ul>\n<\/div><\/section><br \/>\n<div  style='height:30px' class='hr hr-invisible  av-mini-hide  avia-builder-el-7  el_after_av_textblock  avia-builder-el-last '><span class='hr-inner ' ><span class='hr-inner-style'><\/span><\/span><\/div><\/p><\/div><\/div><\/div><\/div><!-- close content main div --><\/div><\/div><div id='av_section_2'  class='avia-section alternate_color avia-section-large avia-no-border-styling  avia-bg-style-parallax  avia-builder-el-8  el_after_av_section  el_before_av_section   container_wrap fullsize' style=' '  ><div class='container' ><div class='template-page content  av-content-full alpha units'><div class='post-entry post-entry-type-page post-entry-1506'><div class='entry-content-wrapper clearfix'>\n<div class=\"flex_column av_one_full  flex_column_div av-zero-column-padding first  avia-builder-el-9  avia-builder-el-no-sibling  \" style='border-radius:0px; '><p><div  style=' margin-top:30px; margin-bottom:30px;'  class='hr hr-custom hr-left hr-icon-no  av-mini-hide  avia-builder-el-10  el_before_av_button  avia-builder-el-first '><span class='hr-inner   inner-border-av-border-fat' style=' width:50px; border-color:rgba(131,75,94,0.53);' ><span class='hr-inner-style'><\/span><\/span><\/div><br \/>\n<div  class='avia-button-wrap avia-button-left  avia-builder-el-11  el_after_av_hr  avia-builder-el-last ' ><a href='https:\/\/www.eraz.eu\/de#contact'  class='avia-button   avia-icon_select-no avia-color-theme-color avia-size-x-large avia-position-left '   ><span class='avia_iconbox_title' >Kontakt<\/span><\/a><\/div><\/p><\/div>\n<\/p>\n<\/div><\/div><\/div><!-- close content main div --><\/div><\/div><div id='av_section_3'  class='avia-section alternate_color avia-section-default avia-no-shadow  avia-bg-style-parallax  avia-builder-el-12  el_after_av_section  avia-builder-el-last   av-arrow-down-section container_wrap fullsize' style=' '  ><div class='container' ><div class='template-page content  av-content-full alpha units'><div class='post-entry post-entry-type-page post-entry-1506'><div class='entry-content-wrapper clearfix'>\n<div id='av-masonry-1' class='av-masonry  noHover av-flex-size av-large-gap av-hover-overlay-active av-masonry-animation-active av-masonry-col-3 av-caption-always av-caption-style-     av-medium-columns-overwrite av-medium-columns-3 av-small-columns-overwrite av-small-columns-2 av-mini-columns-overwrite av-mini-columns-1'  ><div class='av-masonry-container isotope av-js-disabled ' ><div class='av-masonry-entry isotope-item av-masonry-item-no-image '><\/div><a href=\"https:\/\/www.eraz.eu\/de\/dialograum-schaffen-gemeinsam-denken-zusammenarbeit\/\" id='av-masonry-1-item-1428' data-av-masonry-item='1428' class='av-masonry-entry isotope-item post-1428 post type-post status-publish format-standard has-post-thumbnail hentry category-de category-professioneller-dialog  av-masonry-item-with-image' title=\"DialogueRecipe\"  itemscope=\"itemscope\" itemtype=\"https:\/\/schema.org\/CreativeWork\" ><div class='av-inner-masonry-sizer'><\/div><figure class='av-inner-masonry main_color'><div class=\"av-masonry-outerimage-container\"><div class=\"av-masonry-image-container\" ><img decoding=\"async\" src=\"https:\/\/www.eraz.eu\/wp-content\/uploads\/2025\/10\/DialogueRecipe-705x494.webp\" title=\"DialogueRecipe\" alt=\"thinking together dialogue room tools need Razesberger Elisabeth\" \/><\/div><\/div><figcaption class='av-inner-masonry-content site-background'><div class='av-inner-masonry-content-pos'><div class='av-inner-masonry-content-pos-content'><div class='avia-arrow'><\/div><h3 class='av-masonry-entry-title entry-title '  itemprop=\"headline\" >Raum f\u00fcr Dialog schaffen: Gibt es ein Rezept?<\/h3><div class='av-masonry-entry-content entry-content'  itemprop=\"text\" >Wir beginnen spontan Gespr\u00e4che, Debatten, Diskussionen und Monologe. Dialog braucht Raum der bewussst und gekonnt geschaffen wird.<\/div><span class='av-masonry-date meta-color updated'>20. Januar 2025<\/span><span class=\"av-masonry-text-sep text-sep-author\">\/<\/span><span class='av-masonry-author meta-color vcard author'><span class='fn'>von Elisabeth<\/span><\/span><\/div><\/div><\/figcaption><\/figure><\/a><!--end av-masonry entry--><a href=\"https:\/\/www.eraz.eu\/de\/peacebuilding-dialogue\/\" id='av-masonry-1-item-1341' data-av-masonry-item='1341' class='av-masonry-entry isotope-item post-1341 post type-post status-publish format-standard has-post-thumbnail hentry category-de category-peacebuilding-dialogue-de  av-masonry-item-with-image' title=\"Peacebuilding\"  itemscope=\"itemscope\" itemtype=\"https:\/\/schema.org\/CreativeWork\" ><div class='av-inner-masonry-sizer'><\/div><figure class='av-inner-masonry main_color'><div class=\"av-masonry-outerimage-container\"><div class=\"av-masonry-image-container\" ><img decoding=\"async\" src=\"https:\/\/www.eraz.eu\/wp-content\/uploads\/2024\/02\/Peacebuilding-705x494.jpg\" title=\"Peacebuilding\" alt=\"Global Dialogue Collective elisabeth Razesberger\" \/><\/div><\/div><figcaption class='av-inner-masonry-content site-background'><div class='av-inner-masonry-content-pos'><div class='av-inner-masonry-content-pos-content'><div class='avia-arrow'><\/div><h3 class='av-masonry-entry-title entry-title '  itemprop=\"headline\" >Friedensarbeit Dialog<\/h3><div class='av-masonry-entry-content entry-content'  itemprop=\"text\" >Frieden entsteht im Dialog. Das Global Dialogue Collective (GDC) organisiert regelm\u00e4\u00dfig Dialogtreffen, um gemeinsam \u00fcber Friedensf\u00f6rderung nachzudenken. In diesem Artikel geht es darum, was ich bei solchen Treffen erlebt habe und was Sie davon mitnehmen k\u00f6nnen, wenn Sie die Perspektiven anderer Menschen h\u00f6ren.<\/div><span class='av-masonry-date meta-color updated'>26. Februar 2024<\/span><span class=\"av-masonry-text-sep text-sep-author\">\/<\/span><span class='av-masonry-author meta-color vcard author'><span class='fn'>von Elisabeth<\/span><\/span><\/div><\/div><\/figcaption><\/figure><\/a><!--end av-masonry entry--><a href=\"https:\/\/www.eraz.eu\/de\/authentische-kommunikation\/\" id='av-masonry-1-item-1269' data-av-masonry-item='1269' class='av-masonry-entry isotope-item post-1269 post type-post status-publish format-standard has-post-thumbnail hentry category-de category-effektivekommunikation  av-masonry-item-with-image' title=\"authentic-conversation-communication\"  itemscope=\"itemscope\" itemtype=\"https:\/\/schema.org\/CreativeWork\" ><div class='av-inner-masonry-sizer'><\/div><figure class='av-inner-masonry main_color'><div class=\"av-masonry-outerimage-container\"><div class=\"av-masonry-image-container\" ><img decoding=\"async\" src=\"https:\/\/www.eraz.eu\/wp-content\/uploads\/2023\/10\/authentic-conversation-communication-705x494.jpg\" title=\"authentic-conversation-communication\" alt=\"elisabeth razesberger dialogue brussels training\" \/><\/div><\/div><figcaption class='av-inner-masonry-content site-background'><div class='av-inner-masonry-content-pos'><div class='av-inner-masonry-content-pos-content'><div class='avia-arrow'><\/div><h3 class='av-masonry-entry-title entry-title '  itemprop=\"headline\" >Authentische Kommunikation<\/h3><div class='av-masonry-entry-content entry-content'  itemprop=\"text\" >Authentizit\u00e4t macht gute Kommunikation, wenn man auf das reagiert, was im Gespr\u00e4ch vor sich geht. Authentizit\u00e4t ist eine Schl\u00fcsselkomponente kollektiver Intelligenz.<\/div><span class='av-masonry-date meta-color updated'>26. November 2023<\/span><span class=\"av-masonry-text-sep text-sep-author\">\/<\/span><span class='av-masonry-author meta-color vcard author'><span class='fn'>von Elisabeth<\/span><\/span><\/div><\/div><\/figcaption><\/figure><\/a><!--end av-masonry entry--><\/div><\/div>\n\n","protected":false},"excerpt":{"rendered":"","protected":false},"author":2,"featured_media":1554,"parent":0,"menu_order":8,"comment_status":"closed","ping_status":"closed","template":"","meta":{"_monsterinsights_skip_tracking":false,"_monsterinsights_sitenote_active":false,"_monsterinsights_sitenote_note":"","_monsterinsights_sitenote_category":0,"footnotes":""},"class_list":["post-1506","page","type-page","status-publish","has-post-thumbnail","hentry"],"yoast_head":"<!-- This site is optimized with the Yoast SEO plugin v27.5 - https:\/\/yoast.com\/product\/yoast-seo-wordpress\/ -->\n<title>Denkpartner &#8211; Elisabeth Razesberger<\/title>\n<meta name=\"description\" content=\"Thinking Partner is 1:1 Dialogue\" \/>\n<meta name=\"robots\" content=\"index, follow, max-snippet:-1, max-image-preview:large, max-video-preview:-1\" \/>\n<link rel=\"canonical\" href=\"https:\/\/www.eraz.eu\/de\/denkpartner-elisabeth-razesberger\/\" \/>\n<meta property=\"og:locale\" content=\"de_DE\" \/>\n<meta property=\"og:type\" content=\"article\" \/>\n<meta property=\"og:title\" content=\"Denkpartner &#8211; Elisabeth Razesberger\" \/>\n<meta property=\"og:description\" content=\"Thinking Partner is 1:1 Dialogue\" \/>\n<meta property=\"og:url\" content=\"https:\/\/www.eraz.eu\/de\/denkpartner-elisabeth-razesberger\/\" \/>\n<meta property=\"og:site_name\" content=\"Elisabeth Razesberger\" \/>\n<meta property=\"article:modified_time\" content=\"2025-10-28T17:41:58+00:00\" \/>\n<meta property=\"og:image\" content=\"https:\/\/www.eraz.eu\/wp-content\/uploads\/2025\/10\/elisabeth-razesberger-2025.webp\" \/>\n\t<meta property=\"og:image:width\" content=\"1655\" \/>\n\t<meta property=\"og:image:height\" content=\"990\" \/>\n\t<meta property=\"og:image:type\" content=\"image\/webp\" \/>\n<script type=\"application\/ld+json\" class=\"yoast-schema-graph\">{\"@context\":\"https:\\\/\\\/schema.org\",\"@graph\":[{\"@type\":\"WebPage\",\"@id\":\"https:\\\/\\\/www.eraz.eu\\\/de\\\/denkpartner-elisabeth-razesberger\\\/\",\"url\":\"https:\\\/\\\/www.eraz.eu\\\/de\\\/denkpartner-elisabeth-razesberger\\\/\",\"name\":\"Denkpartner &#8211; Elisabeth Razesberger\",\"isPartOf\":{\"@id\":\"https:\\\/\\\/www.eraz.eu\\\/de\\\/#website\"},\"primaryImageOfPage\":{\"@id\":\"https:\\\/\\\/www.eraz.eu\\\/de\\\/denkpartner-elisabeth-razesberger\\\/#primaryimage\"},\"image\":{\"@id\":\"https:\\\/\\\/www.eraz.eu\\\/de\\\/denkpartner-elisabeth-razesberger\\\/#primaryimage\"},\"thumbnailUrl\":\"https:\\\/\\\/www.eraz.eu\\\/wp-content\\\/uploads\\\/2025\\\/10\\\/elisabeth-razesberger-2025.webp\",\"datePublished\":\"2025-10-25T15:21:05+00:00\",\"dateModified\":\"2025-10-28T17:41:58+00:00\",\"description\":\"Thinking Partner is 1:1 Dialogue\",\"breadcrumb\":{\"@id\":\"https:\\\/\\\/www.eraz.eu\\\/de\\\/denkpartner-elisabeth-razesberger\\\/#breadcrumb\"},\"inLanguage\":\"de\",\"potentialAction\":[{\"@type\":\"ReadAction\",\"target\":[\"https:\\\/\\\/www.eraz.eu\\\/de\\\/denkpartner-elisabeth-razesberger\\\/\"]}]},{\"@type\":\"ImageObject\",\"inLanguage\":\"de\",\"@id\":\"https:\\\/\\\/www.eraz.eu\\\/de\\\/denkpartner-elisabeth-razesberger\\\/#primaryimage\",\"url\":\"https:\\\/\\\/www.eraz.eu\\\/wp-content\\\/uploads\\\/2025\\\/10\\\/elisabeth-razesberger-2025.webp\",\"contentUrl\":\"https:\\\/\\\/www.eraz.eu\\\/wp-content\\\/uploads\\\/2025\\\/10\\\/elisabeth-razesberger-2025.webp\",\"width\":1655,\"height\":990,\"caption\":\"Elisabeth Razesberger \u2013 Professionellen Dialog\"},{\"@type\":\"BreadcrumbList\",\"@id\":\"https:\\\/\\\/www.eraz.eu\\\/de\\\/denkpartner-elisabeth-razesberger\\\/#breadcrumb\",\"itemListElement\":[{\"@type\":\"ListItem\",\"position\":1,\"name\":\"Home\",\"item\":\"https:\\\/\\\/www.eraz.eu\\\/de\\\/\"},{\"@type\":\"ListItem\",\"position\":2,\"name\":\"Denkpartner\"}]},{\"@type\":\"WebSite\",\"@id\":\"https:\\\/\\\/www.eraz.eu\\\/de\\\/#website\",\"url\":\"https:\\\/\\\/www.eraz.eu\\\/de\\\/\",\"name\":\"Elisabeth Razesberger\",\"description\":\"Professioneller Dialog\",\"publisher\":{\"@id\":\"https:\\\/\\\/www.eraz.eu\\\/de\\\/#\\\/schema\\\/person\\\/2c8a5eb1d8ad481449a2a16471751d9f\"},\"potentialAction\":[{\"@type\":\"SearchAction\",\"target\":{\"@type\":\"EntryPoint\",\"urlTemplate\":\"https:\\\/\\\/www.eraz.eu\\\/de\\\/?s={search_term_string}\"},\"query-input\":{\"@type\":\"PropertyValueSpecification\",\"valueRequired\":true,\"valueName\":\"search_term_string\"}}],\"inLanguage\":\"de\"},{\"@type\":[\"Person\",\"Organization\"],\"@id\":\"https:\\\/\\\/www.eraz.eu\\\/de\\\/#\\\/schema\\\/person\\\/2c8a5eb1d8ad481449a2a16471751d9f\",\"name\":\"Elisabeth\",\"image\":{\"@type\":\"ImageObject\",\"inLanguage\":\"de\",\"@id\":\"https:\\\/\\\/www.eraz.eu\\\/wp-content\\\/uploads\\\/2021\\\/04\\\/eraz-logo-big.png\",\"url\":\"https:\\\/\\\/www.eraz.eu\\\/wp-content\\\/uploads\\\/2021\\\/04\\\/eraz-logo-big.png\",\"contentUrl\":\"https:\\\/\\\/www.eraz.eu\\\/wp-content\\\/uploads\\\/2021\\\/04\\\/eraz-logo-big.png\",\"width\":281,\"height\":183,\"caption\":\"Elisabeth\"},\"logo\":{\"@id\":\"https:\\\/\\\/www.eraz.eu\\\/wp-content\\\/uploads\\\/2021\\\/04\\\/eraz-logo-big.png\"},\"sameAs\":[\"https:\\\/\\\/www.eraz.eu\",\"https:\\\/\\\/www.linkedin.com\\\/in\\\/elisabeth-razesberger-78309533\\\/\"]}]}<\/script>\n<!-- \/ Yoast SEO plugin. -->","yoast_head_json":{"title":"Denkpartner &#8211; Elisabeth Razesberger","description":"Thinking Partner is 1:1 Dialogue","robots":{"index":"index","follow":"follow","max-snippet":"max-snippet:-1","max-image-preview":"max-image-preview:large","max-video-preview":"max-video-preview:-1"},"canonical":"https:\/\/www.eraz.eu\/de\/denkpartner-elisabeth-razesberger\/","og_locale":"de_DE","og_type":"article","og_title":"Denkpartner &#8211; Elisabeth Razesberger","og_description":"Thinking Partner is 1:1 Dialogue","og_url":"https:\/\/www.eraz.eu\/de\/denkpartner-elisabeth-razesberger\/","og_site_name":"Elisabeth Razesberger","article_modified_time":"2025-10-28T17:41:58+00:00","og_image":[{"width":1655,"height":990,"url":"https:\/\/www.eraz.eu\/wp-content\/uploads\/2025\/10\/elisabeth-razesberger-2025.webp","type":"image\/webp"}],"schema":{"@context":"https:\/\/schema.org","@graph":[{"@type":"WebPage","@id":"https:\/\/www.eraz.eu\/de\/denkpartner-elisabeth-razesberger\/","url":"https:\/\/www.eraz.eu\/de\/denkpartner-elisabeth-razesberger\/","name":"Denkpartner &#8211; Elisabeth Razesberger","isPartOf":{"@id":"https:\/\/www.eraz.eu\/de\/#website"},"primaryImageOfPage":{"@id":"https:\/\/www.eraz.eu\/de\/denkpartner-elisabeth-razesberger\/#primaryimage"},"image":{"@id":"https:\/\/www.eraz.eu\/de\/denkpartner-elisabeth-razesberger\/#primaryimage"},"thumbnailUrl":"https:\/\/www.eraz.eu\/wp-content\/uploads\/2025\/10\/elisabeth-razesberger-2025.webp","datePublished":"2025-10-25T15:21:05+00:00","dateModified":"2025-10-28T17:41:58+00:00","description":"Thinking Partner is 1:1 Dialogue","breadcrumb":{"@id":"https:\/\/www.eraz.eu\/de\/denkpartner-elisabeth-razesberger\/#breadcrumb"},"inLanguage":"de","potentialAction":[{"@type":"ReadAction","target":["https:\/\/www.eraz.eu\/de\/denkpartner-elisabeth-razesberger\/"]}]},{"@type":"ImageObject","inLanguage":"de","@id":"https:\/\/www.eraz.eu\/de\/denkpartner-elisabeth-razesberger\/#primaryimage","url":"https:\/\/www.eraz.eu\/wp-content\/uploads\/2025\/10\/elisabeth-razesberger-2025.webp","contentUrl":"https:\/\/www.eraz.eu\/wp-content\/uploads\/2025\/10\/elisabeth-razesberger-2025.webp","width":1655,"height":990,"caption":"Elisabeth Razesberger \u2013 Professionellen Dialog"},{"@type":"BreadcrumbList","@id":"https:\/\/www.eraz.eu\/de\/denkpartner-elisabeth-razesberger\/#breadcrumb","itemListElement":[{"@type":"ListItem","position":1,"name":"Home","item":"https:\/\/www.eraz.eu\/de\/"},{"@type":"ListItem","position":2,"name":"Denkpartner"}]},{"@type":"WebSite","@id":"https:\/\/www.eraz.eu\/de\/#website","url":"https:\/\/www.eraz.eu\/de\/","name":"Elisabeth Razesberger","description":"Professioneller Dialog","publisher":{"@id":"https:\/\/www.eraz.eu\/de\/#\/schema\/person\/2c8a5eb1d8ad481449a2a16471751d9f"},"potentialAction":[{"@type":"SearchAction","target":{"@type":"EntryPoint","urlTemplate":"https:\/\/www.eraz.eu\/de\/?s={search_term_string}"},"query-input":{"@type":"PropertyValueSpecification","valueRequired":true,"valueName":"search_term_string"}}],"inLanguage":"de"},{"@type":["Person","Organization"],"@id":"https:\/\/www.eraz.eu\/de\/#\/schema\/person\/2c8a5eb1d8ad481449a2a16471751d9f","name":"Elisabeth","image":{"@type":"ImageObject","inLanguage":"de","@id":"https:\/\/www.eraz.eu\/wp-content\/uploads\/2021\/04\/eraz-logo-big.png","url":"https:\/\/www.eraz.eu\/wp-content\/uploads\/2021\/04\/eraz-logo-big.png","contentUrl":"https:\/\/www.eraz.eu\/wp-content\/uploads\/2021\/04\/eraz-logo-big.png","width":281,"height":183,"caption":"Elisabeth"},"logo":{"@id":"https:\/\/www.eraz.eu\/wp-content\/uploads\/2021\/04\/eraz-logo-big.png"},"sameAs":["https:\/\/www.eraz.eu","https:\/\/www.linkedin.com\/in\/elisabeth-razesberger-78309533\/"]}]}},"_links":{"self":[{"href":"https:\/\/www.eraz.eu\/de\/wp-json\/wp\/v2\/pages\/1506","targetHints":{"allow":["GET"]}}],"collection":[{"href":"https:\/\/www.eraz.eu\/de\/wp-json\/wp\/v2\/pages"}],"about":[{"href":"https:\/\/www.eraz.eu\/de\/wp-json\/wp\/v2\/types\/page"}],"author":[{"embeddable":true,"href":"https:\/\/www.eraz.eu\/de\/wp-json\/wp\/v2\/users\/2"}],"replies":[{"embeddable":true,"href":"https:\/\/www.eraz.eu\/de\/wp-json\/wp\/v2\/comments?post=1506"}],"version-history":[{"count":5,"href":"https:\/\/www.eraz.eu\/de\/wp-json\/wp\/v2\/pages\/1506\/revisions"}],"predecessor-version":[{"id":1615,"href":"https:\/\/www.eraz.eu\/de\/wp-json\/wp\/v2\/pages\/1506\/revisions\/1615"}],"wp:featuredmedia":[{"embeddable":true,"href":"https:\/\/www.eraz.eu\/de\/wp-json\/wp\/v2\/media\/1554"}],"wp:attachment":[{"href":"https:\/\/www.eraz.eu\/de\/wp-json\/wp\/v2\/media?parent=1506"}],"curies":[{"name":"wp","href":"https:\/\/api.w.org\/{rel}","templated":true}]}}